{"id":6,"date":"2022-04-28T07:36:52","date_gmt":"2022-04-28T07:36:52","guid":{"rendered":"http:\/\/315503.webhosting68.1blu.de\/sk\/?page_id=6"},"modified":"2023-02-25T19:16:54","modified_gmt":"2023-02-25T18:16:54","slug":"herzlich-willkommen","status":"publish","type":"page","link":"https:\/\/www.s\u00e4ngerkreis.de\/","title":{"rendered":"\u00dcber den S\u00e4ngerkreis"},"content":{"rendered":"\n<p>Der S\u00e4ngerkreis Coburg-Kronach-Lichtenfels umfasst die Mitgliedsch\u00f6re und -gruppen in der Stadt und dem Landkreis Coburg, sowie in den Landkreisen Kronach und Lichtenfels. Im S\u00e4ngerkreis Coburg sind in derzeit 115 Vereinen 2422 aktive und 4267 f\u00f6rdernde Mitglieder vertreten. Im S\u00e4ngerkreis Coburg-Kronach-Lichtenfels sind folgende 8 S\u00e4ngergruppen zusammengeschlossen: Fr\u00e4nkische Krone, Frankenwald, Itzgrund, Kordigast, Muppberg, Maintal, Sennigsh\u00f6he, Steinachtal<\/p>\n\n\n\n<p><strong>8<\/strong> S\u00c4NGERGRUPPEN<\/p>\n\n\n\n<p><strong>115<\/strong> VEREINE<\/p>\n\n\n\n<p><strong>2422<\/strong> AKTIVE MITGLIEDER<\/p>\n\n\n\n<p><strong>4267<\/strong> F\u00d6RDERNDE MITGLIEDER<\/p>\n","protected":false},"excerpt":{"rendered":"<p>Der S\u00e4ngerkreis Coburg-Kronach-Lichtenfels umfasst die Mitgliedsch\u00f6re und -gruppen in der Stadt und dem Landkreis Coburg, sowie in den Landkreisen Kronach und Lichtenfels. Im S\u00e4ngerkreis Coburg sind in derzeit 115 Vereinen 2422 aktive und 4267 f\u00f6rdernde Mitglieder vertreten. Im S\u00e4ngerkreis Coburg-Kronach-Lichtenfels sind folgende 8 S\u00e4ngergruppen zusammengeschlossen: Fr\u00e4nkische Krone, Frankenwald, Itzgrund, Kordigast, Muppberg, Maintal, Sennigsh\u00f6he, Steinachtal 8 &hellip;<\/p>\n<p class=\"read-more\"> <a class=\"\" href=\"https:\/\/www.s\u00e4ngerkreis.de\/\"> <span class=\"screen-reader-text\">\u00dcber den S\u00e4ngerkreis<\/span> Weiterlesen &raquo;<\/a><\/p>\n","protected":false},"author":1,"featured_media":0,"parent":0,"menu_order":0,"comment_status":"closed","ping_status":"closed","template":"","meta":{"site-sidebar-layout":"right-sidebar","site-content-layout":"default","ast-global-header-display":"","ast-main-header-display":"","ast-hfb-above-header-display":"","ast-hfb-below-header-display":"","ast-hfb-mobile-header-display":"","site-post-title":"","ast-breadcrumbs-content":"","ast-featured-img":"","footer-sml-layout":"","theme-transparent-header-meta":"","adv-header-id-meta":"","stick-header-meta":"","header-above-stick-meta":"","header-main-stick-meta":"","header-below-stick-meta":"","footnotes":""},"_links":{"self":[{"href":"https:\/\/www.s\u00e4ngerkreis.de\/index.php?rest_route=\/wp\/v2\/pages\/6"}],"collection":[{"href":"https:\/\/www.s\u00e4ngerkreis.de\/index.php?rest_route=\/wp\/v2\/pages"}],"about":[{"href":"https:\/\/www.s\u00e4ngerkreis.de\/index.php?rest_route=\/wp\/v2\/types\/page"}],"author":[{"embeddable":true,"href":"https:\/\/www.s\u00e4ngerkreis.de\/index.php?rest_route=\/wp\/v2\/users\/1"}],"replies":[{"embeddable":true,"href":"https:\/\/www.s\u00e4ngerkreis.de\/index.php?rest_route=%2Fwp%2Fv2%2Fcomments&post=6"}],"version-history":[{"count":2,"href":"https:\/\/www.s\u00e4ngerkreis.de\/index.php?rest_route=\/wp\/v2\/pages\/6\/revisions"}],"predecessor-version":[{"id":113,"href":"https:\/\/www.s\u00e4ngerkreis.de\/index.php?rest_route=\/wp\/v2\/pages\/6\/revisions\/113"}],"wp:attachment":[{"href":"https:\/\/www.s\u00e4ngerkreis.de\/index.php?rest_route=%2Fwp%2Fv2%2Fmedia&parent=6"}],"curies":[{"name":"wp","href":"https:\/\/api.w.org\/{rel}","templated":true}]}}